{"id":32,"date":"2021-06-25T15:30:28","date_gmt":"2021-06-25T18:30:28","guid":{"rendered":"http:\/\/maringapost.com.br\/geek\/?page_id=32"},"modified":"2024-04-26T15:18:58","modified_gmt":"2024-04-26T18:18:58","slug":"home","status":"publish","type":"page","link":"https:\/\/maringapost.com.br\/geek\/","title":{"rendered":"Home"},"content":{"rendered":"<div class=\"wpb-content-wrapper\"><p>[vc_row][vc_column][vc_column_text]<\/p>\n<h1>Geek<\/h1>\n<p>[\/vc_column_text]<div class=\" bs-listing bs-listing-listing-grid-1 bs-listing-single-tab pagination-animate\">\t\t<div class=\"bs-pagination-wrapper main-term-none more_btn bs-slider-first-item\">\n\t\t\t<div class=\"listing listing-grid listing-grid-1 clearfix columns-3\">\n\t\t<article class=\"post-600 type-post format-standard has-post-thumbnail   listing-item listing-item-grid listing-item-grid-1 main-term-35\">\n\t<div class=\"item-inner\">\n\t\t\t\t\t<div class=\"featured clearfix\">\n\t\t\t\t<div class=\"term-badges floated\"><span class=\"term-badge term-35\"><a href=\"https:\/\/maringapost.com.br\/geek\/category\/cinema\/\">Cinema<\/a><\/span><\/div>\t\t\t\t<a  title=\"Doutor Estranho no Multiverso da Loucura\" style=\"background-image: url(https:\/\/maringapost.com.br\/geek\/wp-content\/uploads\/sites\/29\/2022\/05\/doutor-estranho.jpg);\"\t\t\t\t\t\tclass=\"img-holder\" href=\"https:\/\/maringapost.com.br\/geek\/2022\/05\/07\/doutor-estranho-no-multiverso-da-loucura\/\"><\/a>\n\n\t\t\t\t\t\t\t<\/div>\n\t\t<h2 class=\"title\">\t\t<a href=\"https:\/\/maringapost.com.br\/geek\/2022\/05\/07\/doutor-estranho-no-multiverso-da-loucura\/\" class=\"post-title post-url\">\n\t\t\tDoutor Estranho no Multiverso da Loucura\t\t<\/a>\n\t\t<\/h2>\t\t<div class=\"post-meta\">\n\n\t\t\t\t\t\t\t<span class=\"time\"><time class=\"post-published updated\"\n\t\t\t\t                         datetime=\"2022-05-07T15:55:04-03:00\"><\/time><\/span>\n\t\t\t\t\t\t<\/div>\n\t\t\t<\/div>\n\t<\/article >\n\t<article class=\"post-557 type-post format-standard has-post-thumbnail   listing-item listing-item-grid listing-item-grid-1 main-term-4\">\n\t<div class=\"item-inner\">\n\t\t\t\t\t<div class=\"featured clearfix\">\n\t\t\t\t<div class=\"term-badges floated\"><span class=\"term-badge term-4\"><a href=\"https:\/\/maringapost.com.br\/geek\/category\/geek\/\">Geek<\/a><\/span><\/div>\t\t\t\t<a  title=\"CINEMACON 2022\" style=\"background-image: url(https:\/\/maringapost.com.br\/geek\/wp-content\/uploads\/sites\/29\/2022\/04\/capa.jpg);\"\t\t\t\t\t\tclass=\"img-holder\" href=\"https:\/\/maringapost.com.br\/geek\/2022\/05\/02\/cinemacon-2022\/\"><\/a>\n\n\t\t\t\t\t\t\t<\/div>\n\t\t<h2 class=\"title\">\t\t<a href=\"https:\/\/maringapost.com.br\/geek\/2022\/05\/02\/cinemacon-2022\/\" class=\"post-title post-url\">\n\t\t\tCINEMACON 2022\t\t<\/a>\n\t\t<\/h2>\t\t<div class=\"post-meta\">\n\n\t\t\t\t\t\t\t<span class=\"time\"><time class=\"post-published updated\"\n\t\t\t\t                         datetime=\"2022-05-02T11:15:44-03:00\"><\/time><\/span>\n\t\t\t\t\t\t<\/div>\n\t\t\t<\/div>\n\t<\/article >\n\t<article class=\"post-550 type-post format-standard has-post-thumbnail   listing-item listing-item-grid listing-item-grid-1 main-term-4\">\n\t<div class=\"item-inner\">\n\t\t\t\t\t<div class=\"featured clearfix\">\n\t\t\t\t<div class=\"term-badges floated\"><span class=\"term-badge term-4\"><a href=\"https:\/\/maringapost.com.br\/geek\/category\/geek\/\">Geek<\/a><\/span><\/div>\t\t\t\t<a  title=\"Fofocas Geek 001\" style=\"background-image: url(https:\/\/maringapost.com.br\/geek\/wp-content\/uploads\/sites\/29\/2022\/04\/FOTO-CAPA-FOFOCAS.jpg);\"\t\t\t\t\t\tclass=\"img-holder\" href=\"https:\/\/maringapost.com.br\/geek\/2022\/04\/22\/fofocas-geek-001\/\"><\/a>\n\n\t\t\t\t\t\t\t<\/div>\n\t\t<h2 class=\"title\">\t\t<a href=\"https:\/\/maringapost.com.br\/geek\/2022\/04\/22\/fofocas-geek-001\/\" class=\"post-title post-url\">\n\t\t\tFofocas Geek 001\t\t<\/a>\n\t\t<\/h2>\t\t<div class=\"post-meta\">\n\n\t\t\t\t\t\t\t<span class=\"time\"><time class=\"post-published updated\"\n\t\t\t\t                         datetime=\"2022-04-22T15:20:56-03:00\"><\/time><\/span>\n\t\t\t\t\t\t<\/div>\n\t\t\t<\/div>\n\t<\/article >\n\t<article class=\"post-545 type-post format-standard has-post-thumbnail   listing-item listing-item-grid listing-item-grid-1 main-term-2\">\n\t<div class=\"item-inner\">\n\t\t\t\t\t<div class=\"featured clearfix\">\n\t\t\t\t<div class=\"term-badges floated\"><span class=\"term-badge term-2\"><a href=\"https:\/\/maringapost.com.br\/geek\/category\/featured\/\">Featured<\/a><\/span><\/div>\t\t\t\t<a  title=\"Filmes para aquecer o cora\u00e7\u00e3o nesse friozinho\" style=\"background-image: url(https:\/\/maringapost.com.br\/geek\/wp-content\/uploads\/sites\/29\/2022\/04\/FOTO-CAPA-1.jpg);\"\t\t\t\t\t\tclass=\"img-holder\" href=\"https:\/\/maringapost.com.br\/geek\/2022\/04\/15\/filmes-para-aquecer-o-coracao-nesse-friozinho\/\"><\/a>\n\n\t\t\t\t\t\t\t<\/div>\n\t\t<h2 class=\"title\">\t\t<a href=\"https:\/\/maringapost.com.br\/geek\/2022\/04\/15\/filmes-para-aquecer-o-coracao-nesse-friozinho\/\" class=\"post-title post-url\">\n\t\t\tFilmes para aquecer o cora\u00e7\u00e3o nesse friozinho\t\t<\/a>\n\t\t<\/h2>\t\t<div class=\"post-meta\">\n\n\t\t\t\t\t\t\t<span class=\"time\"><time class=\"post-published updated\"\n\t\t\t\t                         datetime=\"2022-04-15T21:21:24-03:00\"><\/time><\/span>\n\t\t\t\t\t\t<\/div>\n\t\t\t<\/div>\n\t<\/article >\n\t<article class=\"post-533 type-post format-standard has-post-thumbnail   listing-item listing-item-grid listing-item-grid-1 main-term-1\">\n\t<div class=\"item-inner\">\n\t\t\t\t\t<div class=\"featured clearfix\">\n\t\t\t\t<div class=\"term-badges floated\"><span class=\"term-badge term-1\"><a href=\"https:\/\/maringapost.com.br\/geek\/category\/sem-categoria\/\">Sem categoria<\/a><\/span><\/div>\t\t\t\t<a  title=\"POK\u00c9MON CAMPEONATO REGIONAL\" style=\"background-image: url(https:\/\/maringapost.com.br\/geek\/wp-content\/uploads\/sites\/29\/2022\/04\/FOTO-CAPA.jpg);\"\t\t\t\t\t\tclass=\"img-holder\" href=\"https:\/\/maringapost.com.br\/geek\/2022\/04\/08\/pokemon-campeonato-regional\/\"><\/a>\n\n\t\t\t\t\t\t\t<\/div>\n\t\t<h2 class=\"title\">\t\t<a href=\"https:\/\/maringapost.com.br\/geek\/2022\/04\/08\/pokemon-campeonato-regional\/\" class=\"post-title post-url\">\n\t\t\tPOK\u00c9MON CAMPEONATO REGIONAL\t\t<\/a>\n\t\t<\/h2>\t\t<div class=\"post-meta\">\n\n\t\t\t\t\t\t\t<span class=\"time\"><time class=\"post-published updated\"\n\t\t\t\t                         datetime=\"2022-04-08T18:03:54-03:00\"><\/time><\/span>\n\t\t\t\t\t\t<\/div>\n\t\t\t<\/div>\n\t<\/article >\n\t<article class=\"post-524 type-post format-standard has-post-thumbnail   listing-item listing-item-grid listing-item-grid-1 main-term-2\">\n\t<div class=\"item-inner\">\n\t\t\t\t\t<div class=\"featured clearfix\">\n\t\t\t\t<div class=\"term-badges floated\"><span class=\"term-badge term-2\"><a href=\"https:\/\/maringapost.com.br\/geek\/category\/featured\/\">Featured<\/a><\/span><\/div>\t\t\t\t<a  title=\"O OSCAR DO TAPA NA CARA\" style=\"background-image: url(https:\/\/maringapost.com.br\/geek\/wp-content\/uploads\/sites\/29\/2022\/04\/oscar.jpg);\"\t\t\t\t\t\tclass=\"img-holder\" href=\"https:\/\/maringapost.com.br\/geek\/2022\/04\/01\/o-oscar-do-tapa-na-cara\/\"><\/a>\n\n\t\t\t\t\t\t\t<\/div>\n\t\t<h2 class=\"title\">\t\t<a href=\"https:\/\/maringapost.com.br\/geek\/2022\/04\/01\/o-oscar-do-tapa-na-cara\/\" class=\"post-title post-url\">\n\t\t\tO OSCAR DO TAPA NA CARA\t\t<\/a>\n\t\t<\/h2>\t\t<div class=\"post-meta\">\n\n\t\t\t\t\t\t\t<span class=\"time\"><time class=\"post-published updated\"\n\t\t\t\t                         datetime=\"2022-04-01T21:16:09-03:00\"><\/time><\/span>\n\t\t\t\t\t\t<\/div>\n\t\t\t<\/div>\n\t<\/article >\n\t<article class=\"post-512 type-post format-standard has-post-thumbnail   listing-item listing-item-grid listing-item-grid-1 main-term-35\">\n\t<div class=\"item-inner\">\n\t\t\t\t\t<div class=\"featured clearfix\">\n\t\t\t\t<div class=\"term-badges floated\"><span class=\"term-badge term-35\"><a href=\"https:\/\/maringapost.com.br\/geek\/category\/cinema\/\">Cinema<\/a><\/span><\/div>\t\t\t\t<a  title=\"TUDO SOBRE O BESOURO AZUL E O NOVO FILME\" style=\"background-image: url(https:\/\/maringapost.com.br\/geek\/wp-content\/uploads\/sites\/29\/2022\/03\/besouro-azul-capa.jpg);\"\t\t\t\t\t\tclass=\"img-holder\" href=\"https:\/\/maringapost.com.br\/geek\/2022\/03\/25\/tudo-sobre-o-besouro-azul-e-o-novo-filme\/\"><\/a>\n\n\t\t\t\t\t\t\t<\/div>\n\t\t<h2 class=\"title\">\t\t<a href=\"https:\/\/maringapost.com.br\/geek\/2022\/03\/25\/tudo-sobre-o-besouro-azul-e-o-novo-filme\/\" class=\"post-title post-url\">\n\t\t\tTUDO SOBRE O BESOURO AZUL E O NOVO FILME\t\t<\/a>\n\t\t<\/h2>\t\t<div class=\"post-meta\">\n\n\t\t\t\t\t\t\t<span class=\"time\"><time class=\"post-published updated\"\n\t\t\t\t                         datetime=\"2022-03-25T19:15:33-03:00\"><\/time><\/span>\n\t\t\t\t\t\t<\/div>\n\t\t\t<\/div>\n\t<\/article >\n\t<article class=\"post-506 type-post format-standard has-post-thumbnail   listing-item listing-item-grid listing-item-grid-1 main-term-74\">\n\t<div class=\"item-inner\">\n\t\t\t\t\t<div class=\"featured clearfix\">\n\t\t\t\t<div class=\"term-badges floated\"><span class=\"term-badge term-74\"><a href=\"https:\/\/maringapost.com.br\/geek\/category\/animes\/\">Animes<\/a><\/span><\/div>\t\t\t\t<a  title=\"ANIMES DE VIAGEM NO TEMPO\" style=\"background-image: url(https:\/\/maringapost.com.br\/geek\/wp-content\/uploads\/sites\/29\/2022\/03\/CAPA-ARTIGO-38.jpg);\"\t\t\t\t\t\tclass=\"img-holder\" href=\"https:\/\/maringapost.com.br\/geek\/2022\/03\/18\/animes-de-viagem-no-tempo\/\"><\/a>\n\n\t\t\t\t\t\t\t<\/div>\n\t\t<h2 class=\"title\">\t\t<a href=\"https:\/\/maringapost.com.br\/geek\/2022\/03\/18\/animes-de-viagem-no-tempo\/\" class=\"post-title post-url\">\n\t\t\tANIMES DE VIAGEM NO TEMPO\t\t<\/a>\n\t\t<\/h2>\t\t<div class=\"post-meta\">\n\n\t\t\t\t\t\t\t<span class=\"time\"><time class=\"post-published updated\"\n\t\t\t\t                         datetime=\"2022-03-18T20:17:32-03:00\"><\/time><\/span>\n\t\t\t\t\t\t<\/div>\n\t\t\t<\/div>\n\t<\/article >\n\t<article class=\"post-495 type-post format-standard has-post-thumbnail   listing-item listing-item-grid listing-item-grid-1 main-term-4\">\n\t<div class=\"item-inner\">\n\t\t\t\t\t<div class=\"featured clearfix\">\n\t\t\t\t<div class=\"term-badges floated\"><span class=\"term-badge term-4\"><a href=\"https:\/\/maringapost.com.br\/geek\/category\/geek\/\">Geek<\/a><\/span><\/div>\t\t\t\t<a  title=\"S\u00c9RIES SECRETAS QUE VOC\u00ca N\u00c3O PODE DEIXAR DE VER!\" style=\"background-image: url(https:\/\/maringapost.com.br\/geek\/wp-content\/uploads\/sites\/29\/2022\/03\/FOTO-DE-CAPA.jpg);\"\t\t\t\t\t\tclass=\"img-holder\" href=\"https:\/\/maringapost.com.br\/geek\/2022\/03\/11\/series-secretas-que-voce-nao-pode-deixar-de-ver\/\"><\/a>\n\n\t\t\t\t\t\t\t<\/div>\n\t\t<h2 class=\"title\">\t\t<a href=\"https:\/\/maringapost.com.br\/geek\/2022\/03\/11\/series-secretas-que-voce-nao-pode-deixar-de-ver\/\" class=\"post-title post-url\">\n\t\t\tS\u00c9RIES SECRETAS QUE VOC\u00ca N\u00c3O PODE DEIXAR DE VER!\t\t<\/a>\n\t\t<\/h2>\t\t<div class=\"post-meta\">\n\n\t\t\t\t\t\t\t<span class=\"time\"><time class=\"post-published updated\"\n\t\t\t\t                         datetime=\"2022-03-11T19:24:42-03:00\"><\/time><\/span>\n\t\t\t\t\t\t<\/div>\n\t\t\t<\/div>\n\t<\/article >\n\t<article class=\"post-484 type-post format-standard has-post-thumbnail   listing-item listing-item-grid listing-item-grid-1 main-term-35\">\n\t<div class=\"item-inner\">\n\t\t\t\t\t<div class=\"featured clearfix\">\n\t\t\t\t<div class=\"term-badges floated\"><span class=\"term-badge term-35\"><a href=\"https:\/\/maringapost.com.br\/geek\/category\/cinema\/\">Cinema<\/a><\/span><\/div>\t\t\t\t<a  title=\"Cr\u00edtica Novo Batman\" style=\"background-image: url(https:\/\/maringapost.com.br\/geek\/wp-content\/uploads\/sites\/29\/2022\/03\/WhatsApp-Image-2022-03-05-at-17.14.29.jpeg);\"\t\t\t\t\t\tclass=\"img-holder\" href=\"https:\/\/maringapost.com.br\/geek\/2022\/03\/04\/novo-filme-do-batman\/\"><\/a>\n\n\t\t\t\t\t\t\t<\/div>\n\t\t<h2 class=\"title\">\t\t<a href=\"https:\/\/maringapost.com.br\/geek\/2022\/03\/04\/novo-filme-do-batman\/\" class=\"post-title post-url\">\n\t\t\tCr\u00edtica Novo Batman\t\t<\/a>\n\t\t<\/h2>\t\t<div class=\"post-meta\">\n\n\t\t\t\t\t\t\t<span class=\"time\"><time class=\"post-published updated\"\n\t\t\t\t                         datetime=\"2022-03-04T19:37:22-03:00\"><\/time><\/span>\n\t\t\t\t\t\t<\/div>\n\t\t\t<\/div>\n\t<\/article >\n\t<article class=\"post-466 type-post format-standard has-post-thumbnail   listing-item listing-item-grid listing-item-grid-1 main-term-4\">\n\t<div class=\"item-inner\">\n\t\t\t\t\t<div class=\"featured clearfix\">\n\t\t\t\t<div class=\"term-badges floated\"><span class=\"term-badge term-4\"><a href=\"https:\/\/maringapost.com.br\/geek\/category\/geek\/\">Geek<\/a><\/span><\/div>\t\t\t\t<a  title=\"TEORIAS MALUCAS DO UNIVERSO CINEMATOGR\u00c1FICO MARVEL\" style=\"background-image: url(https:\/\/maringapost.com.br\/geek\/wp-content\/uploads\/sites\/29\/2022\/02\/FOTO-1-VIGIA.jpg);\"\t\t\t\t\t\tclass=\"img-holder\" href=\"https:\/\/maringapost.com.br\/geek\/2022\/02\/25\/teorias-malucas-da-universo-cinematografico-marvel\/\"><\/a>\n\n\t\t\t\t\t\t\t<\/div>\n\t\t<h2 class=\"title\">\t\t<a href=\"https:\/\/maringapost.com.br\/geek\/2022\/02\/25\/teorias-malucas-da-universo-cinematografico-marvel\/\" class=\"post-title post-url\">\n\t\t\tTEORIAS MALUCAS DO UNIVERSO CINEMATOGR\u00c1FICO MARVEL\t\t<\/a>\n\t\t<\/h2>\t\t<div class=\"post-meta\">\n\n\t\t\t\t\t\t\t<span class=\"time\"><time class=\"post-published updated\"\n\t\t\t\t                         datetime=\"2022-02-25T18:04:24-03:00\"><\/time><\/span>\n\t\t\t\t\t\t<\/div>\n\t\t\t<\/div>\n\t<\/article >\n\t<article class=\"post-436 type-post format-standard has-post-thumbnail   listing-item listing-item-grid listing-item-grid-1 main-term-4\">\n\t<div class=\"item-inner\">\n\t\t\t\t\t<div class=\"featured clearfix\">\n\t\t\t\t<div class=\"term-badges floated\"><span class=\"term-badge term-4\"><a href=\"https:\/\/maringapost.com.br\/geek\/category\/geek\/\">Geek<\/a><\/span><\/div>\t\t\t\t<a  title=\"Anime Awards 2022\" style=\"background-image: url(https:\/\/maringapost.com.br\/geek\/wp-content\/uploads\/sites\/29\/2022\/02\/FOTO-CAPA-1.jpg);\"\t\t\t\t\t\tclass=\"img-holder\" href=\"https:\/\/maringapost.com.br\/geek\/2022\/02\/17\/anime-awards-2022\/\"><\/a>\n\n\t\t\t\t\t\t\t<\/div>\n\t\t<h2 class=\"title\">\t\t<a href=\"https:\/\/maringapost.com.br\/geek\/2022\/02\/17\/anime-awards-2022\/\" class=\"post-title post-url\">\n\t\t\tAnime Awards 2022\t\t<\/a>\n\t\t<\/h2>\t\t<div class=\"post-meta\">\n\n\t\t\t\t\t\t\t<span class=\"time\"><time class=\"post-published updated\"\n\t\t\t\t                         datetime=\"2022-02-17T15:55:11-03:00\"><\/time><\/span>\n\t\t\t\t\t\t<\/div>\n\t\t\t<\/div>\n\t<\/article >\n\t<article class=\"post-431 type-post format-standard has-post-thumbnail   listing-item listing-item-grid listing-item-grid-1 main-term-4\">\n\t<div class=\"item-inner\">\n\t\t\t\t\t<div class=\"featured clearfix\">\n\t\t\t\t<div class=\"term-badges floated\"><span class=\"term-badge term-4\"><a href=\"https:\/\/maringapost.com.br\/geek\/category\/geek\/\">Geek<\/a><\/span><\/div>\t\t\t\t<a  title=\"Os dez indicados ao Oscar, onde assistir?\" style=\"background-image: url(https:\/\/maringapost.com.br\/geek\/wp-content\/uploads\/sites\/29\/2022\/02\/FOTO-CAPA-INDICADOS-AO-OSCAR-2022.jpg);\"\t\t\t\t\t\tclass=\"img-holder\" href=\"https:\/\/maringapost.com.br\/geek\/2022\/02\/16\/os-dez-indicados-ao-oscar-onde-assistir\/\"><\/a>\n\n\t\t\t\t\t\t\t<\/div>\n\t\t<h2 class=\"title\">\t\t<a href=\"https:\/\/maringapost.com.br\/geek\/2022\/02\/16\/os-dez-indicados-ao-oscar-onde-assistir\/\" class=\"post-title post-url\">\n\t\t\tOs dez indicados ao Oscar, onde assistir?\t\t<\/a>\n\t\t<\/h2>\t\t<div class=\"post-meta\">\n\n\t\t\t\t\t\t\t<span class=\"time\"><time class=\"post-published updated\"\n\t\t\t\t                         datetime=\"2022-02-16T13:04:32-03:00\"><\/time><\/span>\n\t\t\t\t\t\t<\/div>\n\t\t\t<\/div>\n\t<\/article >\n\t<article class=\"post-410 type-post format-standard has-post-thumbnail   listing-item listing-item-grid listing-item-grid-1 main-term-146\">\n\t<div class=\"item-inner\">\n\t\t\t\t\t<div class=\"featured clearfix\">\n\t\t\t\t<div class=\"term-badges floated\"><span class=\"term-badge term-146\"><a href=\"https:\/\/maringapost.com.br\/geek\/category\/cosplay\/\">Cosplay<\/a><\/span><\/div>\t\t\t\t<a  title=\"A arte do Cosplay\" style=\"background-image: url(https:\/\/maringapost.com.br\/geek\/wp-content\/uploads\/sites\/29\/2022\/02\/FOTO-CAPA.jpg);\"\t\t\t\t\t\tclass=\"img-holder\" href=\"https:\/\/maringapost.com.br\/geek\/2022\/02\/10\/a-arte-do-cosplay\/\"><\/a>\n\n\t\t\t\t\t\t\t<\/div>\n\t\t<h2 class=\"title\">\t\t<a href=\"https:\/\/maringapost.com.br\/geek\/2022\/02\/10\/a-arte-do-cosplay\/\" class=\"post-title post-url\">\n\t\t\tA arte do Cosplay\t\t<\/a>\n\t\t<\/h2>\t\t<div class=\"post-meta\">\n\n\t\t\t\t\t\t\t<span class=\"time\"><time class=\"post-published updated\"\n\t\t\t\t                         datetime=\"2022-02-10T11:59:44-03:00\"><\/time><\/span>\n\t\t\t\t\t\t<\/div>\n\t\t\t<\/div>\n\t<\/article >\n\t<article class=\"post-407 type-post format-standard has-post-thumbnail   listing-item listing-item-grid listing-item-grid-1 main-term-74\">\n\t<div class=\"item-inner\">\n\t\t\t\t\t<div class=\"featured clearfix\">\n\t\t\t\t<div class=\"term-badges floated\"><span class=\"term-badge term-74\"><a href=\"https:\/\/maringapost.com.br\/geek\/category\/animes\/\">Animes<\/a><\/span><\/div>\t\t\t\t<a  title=\"Os dez animes que voc\u00ea precisa assistir em 2022\" style=\"background-image: url(https:\/\/maringapost.com.br\/geek\/wp-content\/uploads\/sites\/29\/2022\/01\/ANIIMES-2022-CAPA.jpg);\"\t\t\t\t\t\tclass=\"img-holder\" href=\"https:\/\/maringapost.com.br\/geek\/2022\/01\/28\/os-dez-animes-que-voce-precisa-assistir-em-2022\/\"><\/a>\n\n\t\t\t\t\t\t\t<\/div>\n\t\t<h2 class=\"title\">\t\t<a href=\"https:\/\/maringapost.com.br\/geek\/2022\/01\/28\/os-dez-animes-que-voce-precisa-assistir-em-2022\/\" class=\"post-title post-url\">\n\t\t\tOs dez animes que voc\u00ea precisa assistir em 2022\t\t<\/a>\n\t\t<\/h2>\t\t<div class=\"post-meta\">\n\n\t\t\t\t\t\t\t<span class=\"time\"><time class=\"post-published updated\"\n\t\t\t\t                         datetime=\"2022-01-28T22:01:29-03:00\"><\/time><\/span>\n\t\t\t\t\t\t<\/div>\n\t\t\t<\/div>\n\t<\/article >\n\t<\/div>\n\t\n\t<\/div><div class=\"bs-pagination bs-ajax-pagination more_btn main-term-none clearfix\">\n\t\t\t<script>var bs_ajax_paginate_2059101162 = '{\"query\":{\"category\":\"\",\"tag\":\"\",\"taxonomy\":\"\",\"post_ids\":\"\",\"post_type\":\"\",\"count\":\"15\",\"order_by\":\"date\",\"order\":\"DESC\",\"time_filter\":\"\",\"offset\":\"\",\"style\":\"listing-grid-1\",\"show_excerpt\":\"0\",\"cats-tags-condition\":\"and\",\"cats-condition\":\"in\",\"tags-condition\":\"in\",\"featured_image\":\"0\",\"ignore_sticky_posts\":\"1\",\"author_ids\":\"\",\"disable_duplicate\":\"0\",\"ad-active\":0,\"paginate\":\"more_btn\",\"pagination-show-label\":\"0\",\"columns\":\"3\",\"listing-settings\":{\"title-limit\":\"150\",\"excerpt-limit\":\"115\",\"subtitle\":\"0\",\"subtitle-limit\":\"0\",\"subtitle-location\":\"before-meta\",\"format-icon\":\"0\",\"term-badge\":\"1\",\"term-badge-count\":\"1\",\"term-badge-tax\":\"category\",\"meta\":{\"show\":\"1\",\"author\":\"0\",\"date\":\"1\",\"date-format\":\"standard\",\"view\":\"0\",\"share\":\"0\",\"comment\":\"0\",\"review\":\"0\"}},\"override-listing-settings\":\"1\",\"_layout\":{\"state\":\"1|1|0\",\"page\":\"1-col\"}},\"type\":\"bs_post_listing\",\"view\":\"Publisher_Grid_Listing_1_Shortcode\",\"current_page\":1,\"ajax_url\":\"\\\/geek\\\/wp-admin\\\/admin-ajax.php\",\"remove_duplicates\":\"0\",\"columns\":\"3\",\"show_excerpt\":\"0\",\"paginate\":\"more_btn\",\"pagination-show-label\":\"0\",\"override-listing-settings\":\"1\",\"listing-settings\":{\"title-limit\":\"150\",\"excerpt-limit\":\"115\",\"subtitle\":\"0\",\"subtitle-limit\":\"0\",\"subtitle-location\":\"before-meta\",\"format-icon\":\"0\",\"term-badge\":\"1\",\"term-badge-count\":\"1\",\"term-badge-tax\":\"category\",\"meta\":{\"show\":\"1\",\"author\":\"0\",\"date\":\"1\",\"date-format\":\"standard\",\"view\":\"0\",\"share\":\"0\",\"comment\":\"0\",\"review\":\"0\"}},\"ad-active\":false,\"_layout\":{\"state\":\"1|1|0\",\"page\":\"1-col\"},\"_bs_pagin_token\":\"255f42a\"}';<\/script>\t\t\t\t<a  rel=\"next\" class=\"btn-bs-pagination\" data-id=\"2059101162\"\n\t\t\t\t   title=\"Carregar mais mensagens\">\n\t\t\t<span class=\"loading\" style=\"display: none;\">\n\t\t\t\t<i class=\"fa fa-refresh fa-spin fa-fw\"><\/i>\n\t\t\t<\/span>\n\t\t\t\t\t<span class=\"loading\" style=\"display: none;\">\n\t\t\t\tCarregando ...\t\t\t<\/span>\n\n\t\t\t\t\t<span class=\"loaded txt\">\n\t\t\t\tCarregar mais mensagens\t\t\t<\/span>\n\n\t\t\t\t\t<span class=\"loaded icon\">\n\t\t\t\t<i class=\"fa fa-angle-down\" aria-hidden=\"true\"><\/i>\n\t\t\t<\/span>\n\n\t\t\t\t\t<span class=\"no-more\" style=\"display: none;\">\n\t\t\t\tN\u00e3o h\u00e1 mais posts \n\t\t\t<\/span>\n\n\t\t\t\t<\/a>\n\n\t\t\t\t<\/div><\/div>[\/vc_column][\/vc_row]<\/p>\n<\/div>","protected":false},"excerpt":{"rendered":"<p>[vc_row][vc_column][vc_column_text] Geek [\/vc_column_text][\/vc_column][\/vc_row]<\/p>\n","protected":false},"author":521,"featured_media":0,"parent":0,"menu_order":0,"comment_status":"closed","ping_status":"closed","template":"","meta":{"_exactmetrics_skip_tracking":false,"_exactmetrics_sitenote_active":false,"_exactmetrics_sitenote_note":"","_exactmetrics_sitenote_category":0,"footnotes":""},"yoast_head":"<!-- This site is optimized with the Yoast SEO Premium plugin v22.7 (Yoast SEO v22.7) - https:\/\/yoast.com\/wordpress\/plugins\/seo\/ -->\n<title>Home - Geek<\/title>\n<meta name=\"robots\" content=\"index, follow, max-snippet:-1, max-image-preview:large, max-video-preview:-1\" \/>\n<link rel=\"canonical\" href=\"https:\/\/maringapost.com.br\/geek\/\" \/>\n<meta property=\"og:locale\" content=\"pt_BR\" \/>\n<meta property=\"og:type\" content=\"article\" \/>\n<meta property=\"og:title\" content=\"Home\" \/>\n<meta property=\"og:description\" content=\"[vc_row][vc_column][vc_column_text] Geek [\/vc_column_text][\/vc_column][\/vc_row]\" \/>\n<meta property=\"og:url\" content=\"https:\/\/maringapost.com.br\/geek\/\" \/>\n<meta property=\"og:site_name\" content=\"Geek\" \/>\n<meta property=\"article:modified_time\" content=\"2024-04-26T18:18:58+00:00\" \/>\n<meta name=\"twitter:card\" content=\"summary_large_image\" \/>\n<meta name=\"twitter:label1\" content=\"Est. tempo de leitura\" \/>\n\t<meta name=\"twitter:data1\" content=\"1 minuto\" \/>\n<script type=\"application\/ld+json\" class=\"yoast-schema-graph\">{\"@context\":\"https:\/\/schema.org\",\"@graph\":[{\"@type\":\"WebPage\",\"@id\":\"https:\/\/maringapost.com.br\/geek\/\",\"url\":\"https:\/\/maringapost.com.br\/geek\/\",\"name\":\"Home - Geek\",\"isPartOf\":{\"@id\":\"https:\/\/maringapost.com.br\/geek\/#website\"},\"datePublished\":\"2021-06-25T18:30:28+00:00\",\"dateModified\":\"2024-04-26T18:18:58+00:00\",\"breadcrumb\":{\"@id\":\"https:\/\/maringapost.com.br\/geek\/#breadcrumb\"},\"inLanguage\":\"pt-BR\",\"potentialAction\":[{\"@type\":\"ReadAction\",\"target\":[\"https:\/\/maringapost.com.br\/geek\/\"]}]},{\"@type\":\"BreadcrumbList\",\"@id\":\"https:\/\/maringapost.com.br\/geek\/#breadcrumb\",\"itemListElement\":[{\"@type\":\"ListItem\",\"position\":1,\"name\":\"In\u00edcio\",\"item\":\"https:\/\/maringapost.com.br\/geek\/\"},{\"@type\":\"ListItem\",\"position\":2,\"name\":\"Home\"}]},{\"@type\":\"WebSite\",\"@id\":\"https:\/\/maringapost.com.br\/geek\/#website\",\"url\":\"https:\/\/maringapost.com.br\/geek\/\",\"name\":\"Geek\",\"description\":\"\",\"potentialAction\":[{\"@type\":\"SearchAction\",\"target\":{\"@type\":\"EntryPoint\",\"urlTemplate\":\"https:\/\/maringapost.com.br\/geek\/?s={search_term_string}\"},\"query-input\":\"required name=search_term_string\"}],\"inLanguage\":\"pt-BR\"}]}<\/script>\n<!-- \/ Yoast SEO Premium plugin. -->","yoast_head_json":{"title":"Home - Geek","robots":{"index":"index","follow":"follow","max-snippet":"max-snippet:-1","max-image-preview":"max-image-preview:large","max-video-preview":"max-video-preview:-1"},"canonical":"https:\/\/maringapost.com.br\/geek\/","og_locale":"pt_BR","og_type":"article","og_title":"Home","og_description":"[vc_row][vc_column][vc_column_text] Geek [\/vc_column_text][\/vc_column][\/vc_row]","og_url":"https:\/\/maringapost.com.br\/geek\/","og_site_name":"Geek","article_modified_time":"2024-04-26T18:18:58+00:00","twitter_card":"summary_large_image","twitter_misc":{"Est. tempo de leitura":"1 minuto"},"schema":{"@context":"https:\/\/schema.org","@graph":[{"@type":"WebPage","@id":"https:\/\/maringapost.com.br\/geek\/","url":"https:\/\/maringapost.com.br\/geek\/","name":"Home - Geek","isPartOf":{"@id":"https:\/\/maringapost.com.br\/geek\/#website"},"datePublished":"2021-06-25T18:30:28+00:00","dateModified":"2024-04-26T18:18:58+00:00","breadcrumb":{"@id":"https:\/\/maringapost.com.br\/geek\/#breadcrumb"},"inLanguage":"pt-BR","potentialAction":[{"@type":"ReadAction","target":["https:\/\/maringapost.com.br\/geek\/"]}]},{"@type":"BreadcrumbList","@id":"https:\/\/maringapost.com.br\/geek\/#breadcrumb","itemListElement":[{"@type":"ListItem","position":1,"name":"In\u00edcio","item":"https:\/\/maringapost.com.br\/geek\/"},{"@type":"ListItem","position":2,"name":"Home"}]},{"@type":"WebSite","@id":"https:\/\/maringapost.com.br\/geek\/#website","url":"https:\/\/maringapost.com.br\/geek\/","name":"Geek","description":"","potentialAction":[{"@type":"SearchAction","target":{"@type":"EntryPoint","urlTemplate":"https:\/\/maringapost.com.br\/geek\/?s={search_term_string}"},"query-input":"required name=search_term_string"}],"inLanguage":"pt-BR"}]}},"_links":{"self":[{"href":"https:\/\/maringapost.com.br\/geek\/wp-json\/wp\/v2\/pages\/32"}],"collection":[{"href":"https:\/\/maringapost.com.br\/geek\/wp-json\/wp\/v2\/pages"}],"about":[{"href":"https:\/\/maringapost.com.br\/geek\/wp-json\/wp\/v2\/types\/page"}],"author":[{"embeddable":true,"href":"https:\/\/maringapost.com.br\/geek\/wp-json\/wp\/v2\/users\/521"}],"replies":[{"embeddable":true,"href":"https:\/\/maringapost.com.br\/geek\/wp-json\/wp\/v2\/comments?post=32"}],"version-history":[{"count":14,"href":"https:\/\/maringapost.com.br\/geek\/wp-json\/wp\/v2\/pages\/32\/revisions"}],"predecessor-version":[{"id":614,"href":"https:\/\/maringapost.com.br\/geek\/wp-json\/wp\/v2\/pages\/32\/revisions\/614"}],"wp:attachment":[{"href":"https:\/\/maringapost.com.br\/geek\/wp-json\/wp\/v2\/media?parent=32"}],"curies":[{"name":"wp","href":"https:\/\/api.w.org\/{rel}","templated":true}]}}