{"id":32,"date":"2021-06-25T15:30:28","date_gmt":"2021-06-25T18:30:28","guid":{"rendered":"http:\/\/maringapost.com.br\/geek\/?page_id=32"},"modified":"2024-04-30T16:37:51","modified_gmt":"2024-04-30T19:37:51","slug":"home","status":"publish","type":"page","link":"https:\/\/maringapost.com.br\/engenharia\/","title":{"rendered":"Home"},"content":{"rendered":"<div class=\"wpb-content-wrapper\"><p>[vc_row][vc_column][vc_column_text css=&#8221;.vc_custom_1714505768505{margin-bottom: 10px !important;}&#8221;]<\/p>\n<h1>Engenharia<\/h1>\n<p>[\/vc_column_text][vc_column_text]<strong>Por Raphael Parra<\/strong>[\/vc_column_text][\/vc_column][\/vc_row][vc_row][vc_column]<div class=\" bs-listing bs-listing-listing-grid-1 bs-listing-single-tab pagination-animate\">\t\t<div class=\"bs-pagination-wrapper main-term-none more_btn bs-slider-first-item\">\n\t\t\t<div class=\"listing listing-grid listing-grid-1 clearfix columns-3\">\n\t\t<article class=\"post-207 type-post format-standard has-post-thumbnail   listing-item listing-item-grid listing-item-grid-1 main-term-34\">\n\t<div class=\"item-inner\">\n\t\t\t\t\t<div class=\"featured clearfix\">\n\t\t\t\t<div class=\"term-badges floated\"><span class=\"term-badge term-34\"><a href=\"https:\/\/maringapost.com.br\/engenharia\/category\/obras\/\">Obras<\/a><\/span><\/div>\t\t\t\t<a  title=\"Como verificar a qualidade de execu\u00e7\u00e3o da sua funda\u00e7\u00e3o\" style=\"background-image: url(https:\/\/maringapost.com.br\/engenharia\/wp-content\/uploads\/sites\/40\/2021\/11\/foto-engenharia-parraa.jpg);\"\t\t\t\t\t\tclass=\"img-holder\" href=\"https:\/\/maringapost.com.br\/engenharia\/2021\/11\/08\/como-verificar-a-qualidade-de-execucao-da-sua-fundacao\/\"><\/a>\n\n\t\t\t\t\t\t\t<\/div>\n\t\t<h2 class=\"title\">\t\t<a href=\"https:\/\/maringapost.com.br\/engenharia\/2021\/11\/08\/como-verificar-a-qualidade-de-execucao-da-sua-fundacao\/\" class=\"post-title post-url\">\n\t\t\tComo verificar a qualidade de execu\u00e7\u00e3o da sua funda\u00e7\u00e3o\t\t<\/a>\n\t\t<\/h2>\t\t<div class=\"post-meta\">\n\n\t\t\t\t\t\t\t<span class=\"time\"><time class=\"post-published updated\"\n\t\t\t\t                         datetime=\"2021-11-08T21:30:41-03:00\"><\/time><\/span>\n\t\t\t\t\t\t<\/div>\n\t\t\t<\/div>\n\t<\/article >\n\t<article class=\"post-199 type-post format-standard has-post-thumbnail   listing-item listing-item-grid listing-item-grid-1 main-term-3\">\n\t<div class=\"item-inner\">\n\t\t\t\t\t<div class=\"featured clearfix\">\n\t\t\t\t<div class=\"term-badges floated\"><span class=\"term-badge term-3\"><a href=\"https:\/\/maringapost.com.br\/engenharia\/category\/engenharia\/\">Engenharia<\/a><\/span><\/div>\t\t\t\t<a  title=\"A influ\u00eancia do vento nas constru\u00e7\u00f5es\" style=\"background-image: url(https:\/\/maringapost.com.br\/engenharia\/wp-content\/uploads\/sites\/40\/2021\/10\/ginasio-mandaguacu.jpeg);\"\t\t\t\t\t\tclass=\"img-holder\" href=\"https:\/\/maringapost.com.br\/engenharia\/2021\/10\/07\/a-influencia-do-vento-nas-construcoes\/\"><\/a>\n\n\t\t\t\t\t\t\t<\/div>\n\t\t<h2 class=\"title\">\t\t<a href=\"https:\/\/maringapost.com.br\/engenharia\/2021\/10\/07\/a-influencia-do-vento-nas-construcoes\/\" class=\"post-title post-url\">\n\t\t\tA influ\u00eancia do vento nas constru\u00e7\u00f5es\t\t<\/a>\n\t\t<\/h2>\t\t<div class=\"post-meta\">\n\n\t\t\t\t\t\t\t<span class=\"time\"><time class=\"post-published updated\"\n\t\t\t\t                         datetime=\"2021-10-07T21:00:23-03:00\"><\/time><\/span>\n\t\t\t\t\t\t<\/div>\n\t\t\t<\/div>\n\t<\/article >\n\t<article class=\"post-192 type-post format-standard has-post-thumbnail   listing-item listing-item-grid listing-item-grid-1 main-term-3\">\n\t<div class=\"item-inner\">\n\t\t\t\t\t<div class=\"featured clearfix\">\n\t\t\t\t<div class=\"term-badges floated\"><span class=\"term-badge term-3\"><a href=\"https:\/\/maringapost.com.br\/engenharia\/category\/engenharia\/\">Engenharia<\/a><\/span><\/div>\t\t\t\t<a  title=\"Desempenho das estruturas: do projeto \u00e0 utiliza\u00e7\u00e3o\" style=\"background-image: url(https:\/\/maringapost.com.br\/engenharia\/wp-content\/uploads\/sites\/40\/2021\/09\/Banner-Concreto-Armado-2.jpg);\"\t\t\t\t\t\tclass=\"img-holder\" href=\"https:\/\/maringapost.com.br\/engenharia\/2021\/09\/29\/desempenho-das-estruturas-do-projeto-a-utilizacao\/\"><\/a>\n\n\t\t\t\t\t\t\t<\/div>\n\t\t<h2 class=\"title\">\t\t<a href=\"https:\/\/maringapost.com.br\/engenharia\/2021\/09\/29\/desempenho-das-estruturas-do-projeto-a-utilizacao\/\" class=\"post-title post-url\">\n\t\t\tDesempenho das estruturas: do projeto \u00e0 utiliza\u00e7\u00e3o\t\t<\/a>\n\t\t<\/h2>\t\t<div class=\"post-meta\">\n\n\t\t\t\t\t\t\t<span class=\"time\"><time class=\"post-published updated\"\n\t\t\t\t                         datetime=\"2021-09-29T21:49:08-03:00\"><\/time><\/span>\n\t\t\t\t\t\t<\/div>\n\t\t\t<\/div>\n\t<\/article >\n\t<article class=\"post-184 type-post format-standard has-post-thumbnail   listing-item listing-item-grid listing-item-grid-1 main-term-3\">\n\t<div class=\"item-inner\">\n\t\t\t\t\t<div class=\"featured clearfix\">\n\t\t\t\t<div class=\"term-badges floated\"><span class=\"term-badge term-3\"><a href=\"https:\/\/maringapost.com.br\/engenharia\/category\/engenharia\/\">Engenharia<\/a><\/span><\/div>\t\t\t\t<a  title=\"A alvenaria estrutural \u00e9 uma boa escolha?\" style=\"background-image: url(https:\/\/maringapost.com.br\/engenharia\/wp-content\/uploads\/sites\/40\/2021\/09\/alvenaria-estrutural-capa.jpg);\"\t\t\t\t\t\tclass=\"img-holder\" href=\"https:\/\/maringapost.com.br\/engenharia\/2021\/09\/22\/a-alvenaria-estrutural-e-uma-boa-escolha\/\"><\/a>\n\n\t\t\t\t\t\t\t<\/div>\n\t\t<h2 class=\"title\">\t\t<a href=\"https:\/\/maringapost.com.br\/engenharia\/2021\/09\/22\/a-alvenaria-estrutural-e-uma-boa-escolha\/\" class=\"post-title post-url\">\n\t\t\tA alvenaria estrutural \u00e9 uma boa escolha?\t\t<\/a>\n\t\t<\/h2>\t\t<div class=\"post-meta\">\n\n\t\t\t\t\t\t\t<span class=\"time\"><time class=\"post-published updated\"\n\t\t\t\t                         datetime=\"2021-09-22T09:39:31-03:00\"><\/time><\/span>\n\t\t\t\t\t\t<\/div>\n\t\t\t<\/div>\n\t<\/article >\n\t<article class=\"post-173 type-post format-standard has-post-thumbnail   listing-item listing-item-grid listing-item-grid-1 main-term-3\">\n\t<div class=\"item-inner\">\n\t\t\t\t\t<div class=\"featured clearfix\">\n\t\t\t\t<div class=\"term-badges floated\"><span class=\"term-badge term-3\"><a href=\"https:\/\/maringapost.com.br\/engenharia\/category\/engenharia\/\">Engenharia<\/a><\/span><\/div>\t\t\t\t<a  title=\"Grandes obras de infraestrutura no Brasil\" style=\"background-image: url(https:\/\/maringapost.com.br\/engenharia\/wp-content\/uploads\/sites\/40\/2021\/09\/segunda-ponte-projeto-2-1024x576-1.jpg);\"\t\t\t\t\t\tclass=\"img-holder\" href=\"https:\/\/maringapost.com.br\/engenharia\/2021\/09\/15\/grandes-obras-de-infraestrutura-no-brasil\/\"><\/a>\n\n\t\t\t\t\t\t\t<\/div>\n\t\t<h2 class=\"title\">\t\t<a href=\"https:\/\/maringapost.com.br\/engenharia\/2021\/09\/15\/grandes-obras-de-infraestrutura-no-brasil\/\" class=\"post-title post-url\">\n\t\t\tGrandes obras de infraestrutura no Brasil\t\t<\/a>\n\t\t<\/h2>\t\t<div class=\"post-meta\">\n\n\t\t\t\t\t\t\t<span class=\"time\"><time class=\"post-published updated\"\n\t\t\t\t                         datetime=\"2021-09-15T13:09:51-03:00\"><\/time><\/span>\n\t\t\t\t\t\t<\/div>\n\t\t\t<\/div>\n\t<\/article >\n\t<article class=\"post-166 type-post format-standard has-post-thumbnail   listing-item listing-item-grid listing-item-grid-1 main-term-3\">\n\t<div class=\"item-inner\">\n\t\t\t\t\t<div class=\"featured clearfix\">\n\t\t\t\t<div class=\"term-badges floated\"><span class=\"term-badge term-3\"><a href=\"https:\/\/maringapost.com.br\/engenharia\/category\/engenharia\/\">Engenharia<\/a><\/span><\/div>\t\t\t\t<a  title=\"A demanda por a\u00e7o em tempos de pre\u00e7os altos\" style=\"background-image: url(https:\/\/maringapost.com.br\/engenharia\/wp-content\/uploads\/sites\/40\/2021\/09\/aco-construcao.jpg);\"\t\t\t\t\t\tclass=\"img-holder\" href=\"https:\/\/maringapost.com.br\/engenharia\/2021\/09\/09\/a-demanda-por-aco-em-tempos-de-precos-altos\/\"><\/a>\n\n\t\t\t\t\t\t\t<\/div>\n\t\t<h2 class=\"title\">\t\t<a href=\"https:\/\/maringapost.com.br\/engenharia\/2021\/09\/09\/a-demanda-por-aco-em-tempos-de-precos-altos\/\" class=\"post-title post-url\">\n\t\t\tA demanda por a\u00e7o em tempos de pre\u00e7os altos\t\t<\/a>\n\t\t<\/h2>\t\t<div class=\"post-meta\">\n\n\t\t\t\t\t\t\t<span class=\"time\"><time class=\"post-published updated\"\n\t\t\t\t                         datetime=\"2021-09-09T12:40:51-03:00\"><\/time><\/span>\n\t\t\t\t\t\t<\/div>\n\t\t\t<\/div>\n\t<\/article >\n\t<article class=\"post-157 type-post format-standard has-post-thumbnail   listing-item listing-item-grid listing-item-grid-1 main-term-3\">\n\t<div class=\"item-inner\">\n\t\t\t\t\t<div class=\"featured clearfix\">\n\t\t\t\t<div class=\"term-badges floated\"><span class=\"term-badge term-3\"><a href=\"https:\/\/maringapost.com.br\/engenharia\/category\/engenharia\/\">Engenharia<\/a><\/span><\/div>\t\t\t\t<a  title=\"Voc\u00ea sabe para que serve a an\u00e1lise de vizinhan\u00e7a antes de iniciar a obra?\" style=\"background-image: url(https:\/\/maringapost.com.br\/engenharia\/wp-content\/uploads\/sites\/40\/2021\/09\/PBPH4D0-1.jpg);\"\t\t\t\t\t\tclass=\"img-holder\" href=\"https:\/\/maringapost.com.br\/engenharia\/2021\/09\/01\/voce-sabe-para-que-serve-a-analise-de-vizinhanca-antes-de-iniciar-a-obra\/\"><\/a>\n\n\t\t\t\t\t\t\t<\/div>\n\t\t<h2 class=\"title\">\t\t<a href=\"https:\/\/maringapost.com.br\/engenharia\/2021\/09\/01\/voce-sabe-para-que-serve-a-analise-de-vizinhanca-antes-de-iniciar-a-obra\/\" class=\"post-title post-url\">\n\t\t\tVoc\u00ea sabe para que serve a an\u00e1lise de vizinhan\u00e7a antes de iniciar a obra?\t\t<\/a>\n\t\t<\/h2>\t\t<div class=\"post-meta\">\n\n\t\t\t\t\t\t\t<span class=\"time\"><time class=\"post-published updated\"\n\t\t\t\t                         datetime=\"2021-09-01T15:28:28-03:00\"><\/time><\/span>\n\t\t\t\t\t\t<\/div>\n\t\t\t<\/div>\n\t<\/article >\n\t<article class=\"post-147 type-post format-standard has-post-thumbnail   listing-item listing-item-grid listing-item-grid-1 main-term-3\">\n\t<div class=\"item-inner\">\n\t\t\t\t\t<div class=\"featured clearfix\">\n\t\t\t\t<div class=\"term-badges floated\"><span class=\"term-badge term-3\"><a href=\"https:\/\/maringapost.com.br\/engenharia\/category\/engenharia\/\">Engenharia<\/a><\/span><\/div>\t\t\t\t<a  title=\"Da Arquitetura \u00e0 Estrutura; criar e executar!\" style=\"background-image: url(https:\/\/maringapost.com.br\/engenharia\/wp-content\/uploads\/sites\/40\/2021\/08\/Edificio-Copan-em-Construcao.jpg);\"\t\t\t\t\t\tclass=\"img-holder\" href=\"https:\/\/maringapost.com.br\/engenharia\/2021\/08\/25\/da-arquitetura-a-estrutura-criar-e-executar\/\"><\/a>\n\n\t\t\t\t\t\t\t<\/div>\n\t\t<h2 class=\"title\">\t\t<a href=\"https:\/\/maringapost.com.br\/engenharia\/2021\/08\/25\/da-arquitetura-a-estrutura-criar-e-executar\/\" class=\"post-title post-url\">\n\t\t\tDa Arquitetura \u00e0 Estrutura; criar e executar!\t\t<\/a>\n\t\t<\/h2>\t\t<div class=\"post-meta\">\n\n\t\t\t\t\t\t\t<span class=\"time\"><time class=\"post-published updated\"\n\t\t\t\t                         datetime=\"2021-08-25T09:44:46-03:00\"><\/time><\/span>\n\t\t\t\t\t\t<\/div>\n\t\t\t<\/div>\n\t<\/article >\n\t<article class=\"post-142 type-post format-standard has-post-thumbnail   listing-item listing-item-grid listing-item-grid-1 main-term-3\">\n\t<div class=\"item-inner\">\n\t\t\t\t\t<div class=\"featured clearfix\">\n\t\t\t\t<div class=\"term-badges floated\"><span class=\"term-badge term-3\"><a href=\"https:\/\/maringapost.com.br\/engenharia\/category\/engenharia\/\">Engenharia<\/a><\/span><\/div>\t\t\t\t<a  title=\"Veja como estimar o custo da sua obra\" style=\"background-image: url(https:\/\/maringapost.com.br\/engenharia\/wp-content\/uploads\/sites\/40\/2021\/08\/CAPA-arq-5.jpg);\"\t\t\t\t\t\tclass=\"img-holder\" href=\"https:\/\/maringapost.com.br\/engenharia\/2021\/08\/18\/veja-como-estimar-o-custo-da-sua-obra\/\"><\/a>\n\n\t\t\t\t\t\t\t<\/div>\n\t\t<h2 class=\"title\">\t\t<a href=\"https:\/\/maringapost.com.br\/engenharia\/2021\/08\/18\/veja-como-estimar-o-custo-da-sua-obra\/\" class=\"post-title post-url\">\n\t\t\tVeja como estimar o custo da sua obra\t\t<\/a>\n\t\t<\/h2>\t\t<div class=\"post-meta\">\n\n\t\t\t\t\t\t\t<span class=\"time\"><time class=\"post-published updated\"\n\t\t\t\t                         datetime=\"2021-08-18T11:28:45-03:00\"><\/time><\/span>\n\t\t\t\t\t\t<\/div>\n\t\t\t<\/div>\n\t<\/article >\n\t<article class=\"post-136 type-post format-standard has-post-thumbnail   listing-item listing-item-grid listing-item-grid-1 main-term-3\">\n\t<div class=\"item-inner\">\n\t\t\t\t\t<div class=\"featured clearfix\">\n\t\t\t\t<div class=\"term-badges floated\"><span class=\"term-badge term-3\"><a href=\"https:\/\/maringapost.com.br\/engenharia\/category\/engenharia\/\">Engenharia<\/a><\/span><\/div>\t\t\t\t<a  title=\"Fabrica\u00e7\u00e3o do cimento; os tipos e as suas finalidades\" style=\"background-image: url(https:\/\/maringapost.com.br\/engenharia\/wp-content\/uploads\/sites\/40\/2021\/08\/concreto-usinado.jpg);\"\t\t\t\t\t\tclass=\"img-holder\" href=\"https:\/\/maringapost.com.br\/engenharia\/2021\/08\/11\/fabricacao-do-cimento-os-tipos-e-as-finalidades-de-cada-um\/\"><\/a>\n\n\t\t\t\t\t\t\t<\/div>\n\t\t<h2 class=\"title\">\t\t<a href=\"https:\/\/maringapost.com.br\/engenharia\/2021\/08\/11\/fabricacao-do-cimento-os-tipos-e-as-finalidades-de-cada-um\/\" class=\"post-title post-url\">\n\t\t\tFabrica\u00e7\u00e3o do cimento; os tipos e as suas finalidades\t\t<\/a>\n\t\t<\/h2>\t\t<div class=\"post-meta\">\n\n\t\t\t\t\t\t\t<span class=\"time\"><time class=\"post-published updated\"\n\t\t\t\t                         datetime=\"2021-08-11T09:34:00-03:00\"><\/time><\/span>\n\t\t\t\t\t\t<\/div>\n\t\t\t<\/div>\n\t<\/article >\n\t<article class=\"post-132 type-post format-standard has-post-thumbnail   listing-item listing-item-grid listing-item-grid-1 main-term-3\">\n\t<div class=\"item-inner\">\n\t\t\t\t\t<div class=\"featured clearfix\">\n\t\t\t\t<div class=\"term-badges floated\"><span class=\"term-badge term-3\"><a href=\"https:\/\/maringapost.com.br\/engenharia\/category\/engenharia\/\">Engenharia<\/a><\/span><\/div>\t\t\t\t<a  title=\"Energia solar: quais os requisitos para a instala\u00e7\u00e3o?\" style=\"background-image: url(https:\/\/maringapost.com.br\/engenharia\/wp-content\/uploads\/sites\/40\/2021\/08\/Energia-solar-destaque.jpg);\"\t\t\t\t\t\tclass=\"img-holder\" href=\"https:\/\/maringapost.com.br\/engenharia\/2021\/08\/04\/energia-solar-quais-os-requisitos-para-a-instalacao\/\"><\/a>\n\n\t\t\t\t\t\t\t<\/div>\n\t\t<h2 class=\"title\">\t\t<a href=\"https:\/\/maringapost.com.br\/engenharia\/2021\/08\/04\/energia-solar-quais-os-requisitos-para-a-instalacao\/\" class=\"post-title post-url\">\n\t\t\tEnergia solar: quais os requisitos para a instala\u00e7\u00e3o?\t\t<\/a>\n\t\t<\/h2>\t\t<div class=\"post-meta\">\n\n\t\t\t\t\t\t\t<span class=\"time\"><time class=\"post-published updated\"\n\t\t\t\t                         datetime=\"2021-08-04T09:56:23-03:00\"><\/time><\/span>\n\t\t\t\t\t\t<\/div>\n\t\t\t<\/div>\n\t<\/article >\n\t<article class=\"post-121 type-post format-standard has-post-thumbnail   listing-item listing-item-grid listing-item-grid-1 main-term-3\">\n\t<div class=\"item-inner\">\n\t\t\t\t\t<div class=\"featured clearfix\">\n\t\t\t\t<div class=\"term-badges floated\"><span class=\"term-badge term-3\"><a href=\"https:\/\/maringapost.com.br\/engenharia\/category\/engenharia\/\">Engenharia<\/a><\/span><\/div>\t\t\t\t<a  title=\"Por que ocorrem trincas em paredes e pisos?\" style=\"background-image: url(https:\/\/maringapost.com.br\/engenharia\/wp-content\/uploads\/sites\/40\/2021\/07\/trinca-capa-post-eng.jpg);\"\t\t\t\t\t\tclass=\"img-holder\" href=\"https:\/\/maringapost.com.br\/engenharia\/2021\/07\/28\/por-que-ocorrem-trincas-em-paredes-e-pisos\/\"><\/a>\n\n\t\t\t\t\t\t\t<\/div>\n\t\t<h2 class=\"title\">\t\t<a href=\"https:\/\/maringapost.com.br\/engenharia\/2021\/07\/28\/por-que-ocorrem-trincas-em-paredes-e-pisos\/\" class=\"post-title post-url\">\n\t\t\tPor que ocorrem trincas em paredes e pisos?\t\t<\/a>\n\t\t<\/h2>\t\t<div class=\"post-meta\">\n\n\t\t\t\t\t\t\t<span class=\"time\"><time class=\"post-published updated\"\n\t\t\t\t                         datetime=\"2021-07-28T10:49:47-03:00\"><\/time><\/span>\n\t\t\t\t\t\t<\/div>\n\t\t\t<\/div>\n\t<\/article >\n\t<article class=\"post-112 type-post format-standard has-post-thumbnail   listing-item listing-item-grid listing-item-grid-1 main-term-3\">\n\t<div class=\"item-inner\">\n\t\t\t\t\t<div class=\"featured clearfix\">\n\t\t\t\t<div class=\"term-badges floated\"><span class=\"term-badge term-3\"><a href=\"https:\/\/maringapost.com.br\/engenharia\/category\/engenharia\/\">Engenharia<\/a><\/span><\/div>\t\t\t\t<a  title=\"Grandes v\u00e3os, novas possibilidades\" style=\"background-image: url(https:\/\/maringapost.com.br\/engenharia\/wp-content\/uploads\/sites\/40\/2021\/07\/home-site-MASP.jpg);\"\t\t\t\t\t\tclass=\"img-holder\" href=\"https:\/\/maringapost.com.br\/engenharia\/2021\/07\/21\/grandes-vaos-novas-possibilidades\/\"><\/a>\n\n\t\t\t\t\t\t\t<\/div>\n\t\t<h2 class=\"title\">\t\t<a href=\"https:\/\/maringapost.com.br\/engenharia\/2021\/07\/21\/grandes-vaos-novas-possibilidades\/\" class=\"post-title post-url\">\n\t\t\tGrandes v\u00e3os, novas possibilidades\t\t<\/a>\n\t\t<\/h2>\t\t<div class=\"post-meta\">\n\n\t\t\t\t\t\t\t<span class=\"time\"><time class=\"post-published updated\"\n\t\t\t\t                         datetime=\"2021-07-21T14:59:53-03:00\"><\/time><\/span>\n\t\t\t\t\t\t<\/div>\n\t\t\t<\/div>\n\t<\/article >\n\t<\/div>\n\t\n\t<\/div><\/div>[\/vc_column][\/vc_row]<\/p>\n<\/div>","protected":false},"excerpt":{"rendered":"<p>[vc_row][vc_column][vc_column_text css=&#8221;.vc_custom_1714505768505{margin-bottom: 10px !important;}&#8221;] Engenharia [\/vc_column_text][vc_column_text]Por Raphael Parra[\/vc_column_text][\/vc_column][\/vc_row][vc_row][vc_column][\/vc_column][\/vc_row]<\/p>\n","protected":false},"author":521,"featured_media":0,"parent":0,"menu_order":0,"comment_status":"closed","ping_status":"closed","template":"","meta":{"_exactmetrics_skip_tracking":false,"_exactmetrics_sitenote_active":false,"_exactmetrics_sitenote_note":"","_exactmetrics_sitenote_category":0,"footnotes":""},"yoast_head":"<!-- This site is optimized with the Yoast SEO Premium plugin v22.7 (Yoast SEO v22.7) - https:\/\/yoast.com\/wordpress\/plugins\/seo\/ -->\n<title>Home - Engenharia<\/title>\n<meta name=\"robots\" content=\"index, follow, max-snippet:-1, max-image-preview:large, max-video-preview:-1\" \/>\n<link rel=\"canonical\" href=\"https:\/\/maringapost.com.br\/engenharia\/\" \/>\n<meta property=\"og:locale\" content=\"pt_BR\" \/>\n<meta property=\"og:type\" content=\"article\" \/>\n<meta property=\"og:title\" content=\"Home\" \/>\n<meta property=\"og:description\" content=\"[vc_row][vc_column][vc_column_text css=&#8221;.vc_custom_1714505768505{margin-bottom: 10px !important;}&#8221;] Engenharia [\/vc_column_text][vc_column_text]Por Raphael Parra[\/vc_column_text][\/vc_column][\/vc_row][vc_row][vc_column][\/vc_column][\/vc_row]\" \/>\n<meta property=\"og:url\" content=\"https:\/\/maringapost.com.br\/engenharia\/\" \/>\n<meta property=\"og:site_name\" content=\"Engenharia\" \/>\n<meta property=\"article:modified_time\" content=\"2024-04-30T19:37:51+00:00\" \/>\n<meta name=\"twitter:card\" content=\"summary_large_image\" \/>\n<meta name=\"twitter:label1\" content=\"Est. tempo de leitura\" \/>\n\t<meta name=\"twitter:data1\" content=\"1 minuto\" \/>\n<script type=\"application\/ld+json\" class=\"yoast-schema-graph\">{\"@context\":\"https:\/\/schema.org\",\"@graph\":[{\"@type\":\"WebPage\",\"@id\":\"https:\/\/maringapost.com.br\/engenharia\/\",\"url\":\"https:\/\/maringapost.com.br\/engenharia\/\",\"name\":\"Home - Engenharia\",\"isPartOf\":{\"@id\":\"https:\/\/maringapost.com.br\/engenharia\/#website\"},\"datePublished\":\"2021-06-25T18:30:28+00:00\",\"dateModified\":\"2024-04-30T19:37:51+00:00\",\"breadcrumb\":{\"@id\":\"https:\/\/maringapost.com.br\/engenharia\/#breadcrumb\"},\"inLanguage\":\"pt-BR\",\"potentialAction\":[{\"@type\":\"ReadAction\",\"target\":[\"https:\/\/maringapost.com.br\/engenharia\/\"]}]},{\"@type\":\"BreadcrumbList\",\"@id\":\"https:\/\/maringapost.com.br\/engenharia\/#breadcrumb\",\"itemListElement\":[{\"@type\":\"ListItem\",\"position\":1,\"name\":\"In\u00edcio\",\"item\":\"https:\/\/maringapost.com.br\/engenharia\/\"},{\"@type\":\"ListItem\",\"position\":2,\"name\":\"Home\"}]},{\"@type\":\"WebSite\",\"@id\":\"https:\/\/maringapost.com.br\/engenharia\/#website\",\"url\":\"https:\/\/maringapost.com.br\/engenharia\/\",\"name\":\"Engenharia\",\"description\":\"\",\"potentialAction\":[{\"@type\":\"SearchAction\",\"target\":{\"@type\":\"EntryPoint\",\"urlTemplate\":\"https:\/\/maringapost.com.br\/engenharia\/?s={search_term_string}\"},\"query-input\":\"required name=search_term_string\"}],\"inLanguage\":\"pt-BR\"}]}<\/script>\n<!-- \/ Yoast SEO Premium plugin. -->","yoast_head_json":{"title":"Home - Engenharia","robots":{"index":"index","follow":"follow","max-snippet":"max-snippet:-1","max-image-preview":"max-image-preview:large","max-video-preview":"max-video-preview:-1"},"canonical":"https:\/\/maringapost.com.br\/engenharia\/","og_locale":"pt_BR","og_type":"article","og_title":"Home","og_description":"[vc_row][vc_column][vc_column_text css=&#8221;.vc_custom_1714505768505{margin-bottom: 10px !important;}&#8221;] Engenharia [\/vc_column_text][vc_column_text]Por Raphael Parra[\/vc_column_text][\/vc_column][\/vc_row][vc_row][vc_column][\/vc_column][\/vc_row]","og_url":"https:\/\/maringapost.com.br\/engenharia\/","og_site_name":"Engenharia","article_modified_time":"2024-04-30T19:37:51+00:00","twitter_card":"summary_large_image","twitter_misc":{"Est. tempo de leitura":"1 minuto"},"schema":{"@context":"https:\/\/schema.org","@graph":[{"@type":"WebPage","@id":"https:\/\/maringapost.com.br\/engenharia\/","url":"https:\/\/maringapost.com.br\/engenharia\/","name":"Home - Engenharia","isPartOf":{"@id":"https:\/\/maringapost.com.br\/engenharia\/#website"},"datePublished":"2021-06-25T18:30:28+00:00","dateModified":"2024-04-30T19:37:51+00:00","breadcrumb":{"@id":"https:\/\/maringapost.com.br\/engenharia\/#breadcrumb"},"inLanguage":"pt-BR","potentialAction":[{"@type":"ReadAction","target":["https:\/\/maringapost.com.br\/engenharia\/"]}]},{"@type":"BreadcrumbList","@id":"https:\/\/maringapost.com.br\/engenharia\/#breadcrumb","itemListElement":[{"@type":"ListItem","position":1,"name":"In\u00edcio","item":"https:\/\/maringapost.com.br\/engenharia\/"},{"@type":"ListItem","position":2,"name":"Home"}]},{"@type":"WebSite","@id":"https:\/\/maringapost.com.br\/engenharia\/#website","url":"https:\/\/maringapost.com.br\/engenharia\/","name":"Engenharia","description":"","potentialAction":[{"@type":"SearchAction","target":{"@type":"EntryPoint","urlTemplate":"https:\/\/maringapost.com.br\/engenharia\/?s={search_term_string}"},"query-input":"required name=search_term_string"}],"inLanguage":"pt-BR"}]}},"_links":{"self":[{"href":"https:\/\/maringapost.com.br\/engenharia\/wp-json\/wp\/v2\/pages\/32"}],"collection":[{"href":"https:\/\/maringapost.com.br\/engenharia\/wp-json\/wp\/v2\/pages"}],"about":[{"href":"https:\/\/maringapost.com.br\/engenharia\/wp-json\/wp\/v2\/types\/page"}],"author":[{"embeddable":true,"href":"https:\/\/maringapost.com.br\/engenharia\/wp-json\/wp\/v2\/users\/521"}],"replies":[{"embeddable":true,"href":"https:\/\/maringapost.com.br\/engenharia\/wp-json\/wp\/v2\/comments?post=32"}],"version-history":[{"count":6,"href":"https:\/\/maringapost.com.br\/engenharia\/wp-json\/wp\/v2\/pages\/32\/revisions"}],"predecessor-version":[{"id":264,"href":"https:\/\/maringapost.com.br\/engenharia\/wp-json\/wp\/v2\/pages\/32\/revisions\/264"}],"wp:attachment":[{"href":"https:\/\/maringapost.com.br\/engenharia\/wp-json\/wp\/v2\/media?parent=32"}],"curies":[{"name":"wp","href":"https:\/\/api.w.org\/{rel}","templated":true}]}}