{"id":32,"date":"2021-06-25T15:30:28","date_gmt":"2021-06-25T18:30:28","guid":{"rendered":"http:\/\/maringapost.com.br\/geek\/?page_id=32"},"modified":"2024-04-30T16:15:02","modified_gmt":"2024-04-30T19:15:02","slug":"home-2","status":"publish","type":"page","link":"https:\/\/maringapost.com.br\/arquitetura\/","title":{"rendered":"Home"},"content":{"rendered":"<div class=\"wpb-content-wrapper\"><p>[vc_row][vc_column][vc_column_text css=&#8221;.vc_custom_1714503939455{margin-bottom: 10px !important;}&#8221;]<\/p>\n<h1>Arquitetura<\/h1>\n<p>[\/vc_column_text][vc_column_text]<strong>Por Adriana Lima<\/strong>[\/vc_column_text][\/vc_column][\/vc_row][vc_row][vc_column]<div class=\" bs-listing bs-listing-listing-grid-1 bs-listing-single-tab pagination-animate\">\t\t<div class=\"bs-pagination-wrapper main-term-none more_btn bs-slider-first-item\">\n\t\t\t<div class=\"listing listing-grid listing-grid-1 clearfix columns-3\">\n\t\t<article class=\"post-279 type-post format-standard has-post-thumbnail   listing-item listing-item-grid listing-item-grid-1 main-term-3\">\n\t<div class=\"item-inner\">\n\t\t\t\t\t<div class=\"featured clearfix\">\n\t\t\t\t<div class=\"term-badges floated\"><span class=\"term-badge term-3\"><a href=\"https:\/\/maringapost.com.br\/arquitetura\/category\/arquitetura\/\">Arquitetura<\/a><\/span><\/div>\t\t\t\t<a  title=\"Ergonomia do bem-estar, parte II\" style=\"background-image: url(https:\/\/maringapost.com.br\/arquitetura\/wp-content\/uploads\/sites\/38\/2022\/01\/homemvrtruvianodavincicapa.jpg);\"\t\t\t\t\t\tclass=\"img-holder\" href=\"https:\/\/maringapost.com.br\/arquitetura\/2022\/01\/26\/ergonomia-do-bem-estar-parte-ii\/\"><\/a>\n\n\t\t\t\t\t\t\t<\/div>\n\t\t<h2 class=\"title\">\t\t<a href=\"https:\/\/maringapost.com.br\/arquitetura\/2022\/01\/26\/ergonomia-do-bem-estar-parte-ii\/\" class=\"post-title post-url\">\n\t\t\tErgonomia do bem-estar, parte II\t\t<\/a>\n\t\t<\/h2>\t\t<div class=\"post-meta\">\n\n\t\t\t\t\t\t\t<span class=\"time\"><time class=\"post-published updated\"\n\t\t\t\t                         datetime=\"2022-01-26T07:12:50-03:00\"><\/time><\/span>\n\t\t\t\t\t\t<\/div>\n\t\t\t<\/div>\n\t<\/article >\n\t<article class=\"post-261 type-post format-standard has-post-thumbnail   listing-item listing-item-grid listing-item-grid-1 main-term-3\">\n\t<div class=\"item-inner\">\n\t\t\t\t\t<div class=\"featured clearfix\">\n\t\t\t\t<div class=\"term-badges floated\"><span class=\"term-badge term-3\"><a href=\"https:\/\/maringapost.com.br\/arquitetura\/category\/arquitetura\/\">Arquitetura<\/a><\/span><\/div>\t\t\t\t<a  title=\"Ilustra\u00e7\u00e3o na Arquitetura\" style=\"background-image: url(https:\/\/maringapost.com.br\/arquitetura\/wp-content\/uploads\/sites\/38\/2021\/11\/capa-arquitetura.jpg);\"\t\t\t\t\t\tclass=\"img-holder\" href=\"https:\/\/maringapost.com.br\/arquitetura\/2021\/11\/26\/ilustracao-arquitetonica\/\"><\/a>\n\n\t\t\t\t\t\t\t<\/div>\n\t\t<h2 class=\"title\">\t\t<a href=\"https:\/\/maringapost.com.br\/arquitetura\/2021\/11\/26\/ilustracao-arquitetonica\/\" class=\"post-title post-url\">\n\t\t\tIlustra\u00e7\u00e3o na Arquitetura\t\t<\/a>\n\t\t<\/h2>\t\t<div class=\"post-meta\">\n\n\t\t\t\t\t\t\t<span class=\"time\"><time class=\"post-published updated\"\n\t\t\t\t                         datetime=\"2021-11-26T06:10:52-03:00\"><\/time><\/span>\n\t\t\t\t\t\t<\/div>\n\t\t\t<\/div>\n\t<\/article >\n\t<article class=\"post-239 type-post format-standard has-post-thumbnail   listing-item listing-item-grid listing-item-grid-1 main-term-3\">\n\t<div class=\"item-inner\">\n\t\t\t\t\t<div class=\"featured clearfix\">\n\t\t\t\t<div class=\"term-badges floated\"><span class=\"term-badge term-3\"><a href=\"https:\/\/maringapost.com.br\/arquitetura\/category\/arquitetura\/\">Arquitetura<\/a><\/span><\/div>\t\t\t\t<a  title=\"Ergonomia do bem estar\" style=\"background-image: url(https:\/\/maringapost.com.br\/arquitetura\/wp-content\/uploads\/sites\/38\/2021\/10\/ergonom-1.jpg);\"\t\t\t\t\t\tclass=\"img-holder\" href=\"https:\/\/maringapost.com.br\/arquitetura\/2021\/11\/05\/ergonomia-do-bem-estar\/\"><\/a>\n\n\t\t\t\t\t\t\t<\/div>\n\t\t<h2 class=\"title\">\t\t<a href=\"https:\/\/maringapost.com.br\/arquitetura\/2021\/11\/05\/ergonomia-do-bem-estar\/\" class=\"post-title post-url\">\n\t\t\tErgonomia do bem estar\t\t<\/a>\n\t\t<\/h2>\t\t<div class=\"post-meta\">\n\n\t\t\t\t\t\t\t<span class=\"time\"><time class=\"post-published updated\"\n\t\t\t\t                         datetime=\"2021-11-05T08:26:10-03:00\"><\/time><\/span>\n\t\t\t\t\t\t<\/div>\n\t\t\t<\/div>\n\t<\/article >\n\t<article class=\"post-224 type-post format-standard has-post-thumbnail   listing-item listing-item-grid listing-item-grid-1 main-term-3\">\n\t<div class=\"item-inner\">\n\t\t\t\t\t<div class=\"featured clearfix\">\n\t\t\t\t<div class=\"term-badges floated\"><span class=\"term-badge term-3\"><a href=\"https:\/\/maringapost.com.br\/arquitetura\/category\/arquitetura\/\">Arquitetura<\/a><\/span><\/div>\t\t\t\t<a  title=\"Arquitetura de Interiores; a hist\u00f3ria continua\" style=\"background-image: url(https:\/\/maringapost.com.br\/arquitetura\/wp-content\/uploads\/sites\/38\/2021\/10\/arq-1.jpg);\"\t\t\t\t\t\tclass=\"img-holder\" href=\"https:\/\/maringapost.com.br\/arquitetura\/2021\/10\/19\/arquitetura-de-interiores-a-historia-continua\/\"><\/a>\n\n\t\t\t\t\t\t\t<\/div>\n\t\t<h2 class=\"title\">\t\t<a href=\"https:\/\/maringapost.com.br\/arquitetura\/2021\/10\/19\/arquitetura-de-interiores-a-historia-continua\/\" class=\"post-title post-url\">\n\t\t\tArquitetura de Interiores; a hist\u00f3ria continua\t\t<\/a>\n\t\t<\/h2>\t\t<div class=\"post-meta\">\n\n\t\t\t\t\t\t\t<span class=\"time\"><time class=\"post-published updated\"\n\t\t\t\t                         datetime=\"2021-10-19T06:23:37-03:00\"><\/time><\/span>\n\t\t\t\t\t\t<\/div>\n\t\t\t<\/div>\n\t<\/article >\n\t<article class=\"post-208 type-post format-standard has-post-thumbnail   listing-item listing-item-grid listing-item-grid-1 main-term-3\">\n\t<div class=\"item-inner\">\n\t\t\t\t\t<div class=\"featured clearfix\">\n\t\t\t\t<div class=\"term-badges floated\"><span class=\"term-badge term-3\"><a href=\"https:\/\/maringapost.com.br\/arquitetura\/category\/arquitetura\/\">Arquitetura<\/a><\/span><\/div>\t\t\t\t<a  title=\"Arquitetura de Interiores; onde tudo come\u00e7ou\" style=\"background-image: url(https:\/\/maringapost.com.br\/arquitetura\/wp-content\/uploads\/sites\/38\/2021\/09\/arq-Jawar.jpg);\"\t\t\t\t\t\tclass=\"img-holder\" href=\"https:\/\/maringapost.com.br\/arquitetura\/2021\/09\/13\/arquitetura-de-interiores-onde-tudo-comecou\/\"><\/a>\n\n\t\t\t\t\t\t\t<\/div>\n\t\t<h2 class=\"title\">\t\t<a href=\"https:\/\/maringapost.com.br\/arquitetura\/2021\/09\/13\/arquitetura-de-interiores-onde-tudo-comecou\/\" class=\"post-title post-url\">\n\t\t\tArquitetura de Interiores; onde tudo come\u00e7ou\t\t<\/a>\n\t\t<\/h2>\t\t<div class=\"post-meta\">\n\n\t\t\t\t\t\t\t<span class=\"time\"><time class=\"post-published updated\"\n\t\t\t\t                         datetime=\"2021-09-13T09:06:38-03:00\"><\/time><\/span>\n\t\t\t\t\t\t<\/div>\n\t\t\t<\/div>\n\t<\/article >\n\t<article class=\"post-196 type-post format-standard has-post-thumbnail   listing-item listing-item-grid listing-item-grid-1 main-term-24\">\n\t<div class=\"item-inner\">\n\t\t\t\t\t<div class=\"featured clearfix\">\n\t\t\t\t<div class=\"term-badges floated\"><span class=\"term-badge term-24\"><a href=\"https:\/\/maringapost.com.br\/arquitetura\/category\/urbanismo\/\">Urbanismo<\/a><\/span><\/div>\t\t\t\t<a  title=\"Curiosidades sobre as cidades e munic\u00edpios do pa\u00eds\" style=\"background-image: url(https:\/\/maringapost.com.br\/arquitetura\/wp-content\/uploads\/sites\/38\/2021\/09\/mapa-capa.jpg);\"\t\t\t\t\t\tclass=\"img-holder\" href=\"https:\/\/maringapost.com.br\/arquitetura\/2021\/09\/03\/curiosidades-sobre-as-cidades-e-municipios-do-pais\/\"><\/a>\n\n\t\t\t\t\t\t\t<\/div>\n\t\t<h2 class=\"title\">\t\t<a href=\"https:\/\/maringapost.com.br\/arquitetura\/2021\/09\/03\/curiosidades-sobre-as-cidades-e-municipios-do-pais\/\" class=\"post-title post-url\">\n\t\t\tCuriosidades sobre as cidades e munic\u00edpios do pa\u00eds\t\t<\/a>\n\t\t<\/h2>\t\t<div class=\"post-meta\">\n\n\t\t\t\t\t\t\t<span class=\"time\"><time class=\"post-published updated\"\n\t\t\t\t                         datetime=\"2021-09-03T14:09:20-03:00\"><\/time><\/span>\n\t\t\t\t\t\t<\/div>\n\t\t\t<\/div>\n\t<\/article >\n\t<article class=\"post-188 type-post format-standard has-post-thumbnail   listing-item listing-item-grid listing-item-grid-1 main-term-3\">\n\t<div class=\"item-inner\">\n\t\t\t\t\t<div class=\"featured clearfix\">\n\t\t\t\t<div class=\"term-badges floated\"><span class=\"term-badge term-3\"><a href=\"https:\/\/maringapost.com.br\/arquitetura\/category\/arquitetura\/\">Arquitetura<\/a><\/span><\/div>\t\t\t\t<a  title=\"Cidade e munic\u00edpio n\u00e3o s\u00e3o a mesma coisa, saiba as diferen\u00e7as\" style=\"background-image: url(https:\/\/maringapost.com.br\/arquitetura\/wp-content\/uploads\/sites\/38\/2021\/08\/brasilia-satelite.jpg);\"\t\t\t\t\t\tclass=\"img-holder\" href=\"https:\/\/maringapost.com.br\/arquitetura\/2021\/08\/30\/188\/\"><\/a>\n\n\t\t\t\t\t\t\t<\/div>\n\t\t<h2 class=\"title\">\t\t<a href=\"https:\/\/maringapost.com.br\/arquitetura\/2021\/08\/30\/188\/\" class=\"post-title post-url\">\n\t\t\tCidade e munic\u00edpio n\u00e3o s\u00e3o a mesma coisa, saiba as diferen\u00e7as\t\t<\/a>\n\t\t<\/h2>\t\t<div class=\"post-meta\">\n\n\t\t\t\t\t\t\t<span class=\"time\"><time class=\"post-published updated\"\n\t\t\t\t                         datetime=\"2021-08-30T09:09:22-03:00\"><\/time><\/span>\n\t\t\t\t\t\t<\/div>\n\t\t\t<\/div>\n\t<\/article >\n\t<article class=\"post-172 type-post format-standard has-post-thumbnail   listing-item listing-item-grid listing-item-grid-1 main-term-25\">\n\t<div class=\"item-inner\">\n\t\t\t\t\t<div class=\"featured clearfix\">\n\t\t\t\t<div class=\"term-badges floated\"><span class=\"term-badge term-25\"><a href=\"https:\/\/maringapost.com.br\/arquitetura\/category\/paisagismo\/\">Paisagismo<\/a><\/span><\/div>\t\t\t\t<a  title=\"Um pouco das origens hist\u00f3ricas do Paisagismo\" style=\"background-image: url(https:\/\/maringapost.com.br\/arquitetura\/wp-content\/uploads\/sites\/38\/2021\/08\/JaridmdeLuxemburgoParis.jpg);\"\t\t\t\t\t\tclass=\"img-holder\" href=\"https:\/\/maringapost.com.br\/arquitetura\/2021\/08\/20\/um-pouco-das-origens-historicas-do-paisagismo\/\"><\/a>\n\n\t\t\t\t\t\t\t<\/div>\n\t\t<h2 class=\"title\">\t\t<a href=\"https:\/\/maringapost.com.br\/arquitetura\/2021\/08\/20\/um-pouco-das-origens-historicas-do-paisagismo\/\" class=\"post-title post-url\">\n\t\t\tUm pouco das origens hist\u00f3ricas do Paisagismo\t\t<\/a>\n\t\t<\/h2>\t\t<div class=\"post-meta\">\n\n\t\t\t\t\t\t\t<span class=\"time\"><time class=\"post-published updated\"\n\t\t\t\t                         datetime=\"2021-08-20T11:58:58-03:00\"><\/time><\/span>\n\t\t\t\t\t\t<\/div>\n\t\t\t<\/div>\n\t<\/article >\n\t<article class=\"post-158 type-post format-standard has-post-thumbnail   listing-item listing-item-grid listing-item-grid-1 main-term-3\">\n\t<div class=\"item-inner\">\n\t\t\t\t\t<div class=\"featured clearfix\">\n\t\t\t\t<div class=\"term-badges floated\"><span class=\"term-badge term-3\"><a href=\"https:\/\/maringapost.com.br\/arquitetura\/category\/arquitetura\/\">Arquitetura<\/a><\/span><\/div>\t\t\t\t<a  title=\"Arquitetura e Nossa Hist\u00f3ria &#8211; Parte 2\" style=\"background-image: url(https:\/\/maringapost.com.br\/arquitetura\/wp-content\/uploads\/sites\/38\/2021\/08\/arquitetura-destaque.jpg);\"\t\t\t\t\t\tclass=\"img-holder\" href=\"https:\/\/maringapost.com.br\/arquitetura\/2021\/08\/14\/arquitetura-e-nossa-historia-parte-2\/\"><\/a>\n\n\t\t\t\t\t\t\t<\/div>\n\t\t<h2 class=\"title\">\t\t<a href=\"https:\/\/maringapost.com.br\/arquitetura\/2021\/08\/14\/arquitetura-e-nossa-historia-parte-2\/\" class=\"post-title post-url\">\n\t\t\tArquitetura e Nossa Hist\u00f3ria &#8211; Parte 2\t\t<\/a>\n\t\t<\/h2>\t\t<div class=\"post-meta\">\n\n\t\t\t\t\t\t\t<span class=\"time\"><time class=\"post-published updated\"\n\t\t\t\t                         datetime=\"2021-08-14T10:09:00-03:00\"><\/time><\/span>\n\t\t\t\t\t\t<\/div>\n\t\t\t<\/div>\n\t<\/article >\n\t<article class=\"post-137 type-post format-standard has-post-thumbnail   listing-item listing-item-grid listing-item-grid-1 main-term-3\">\n\t<div class=\"item-inner\">\n\t\t\t\t\t<div class=\"featured clearfix\">\n\t\t\t\t<div class=\"term-badges floated\"><span class=\"term-badge term-3\"><a href=\"https:\/\/maringapost.com.br\/arquitetura\/category\/arquitetura\/\">Arquitetura<\/a><\/span><\/div>\t\t\t\t<a  title=\"Arquitetura e Nossa Hist\u00f3ria &#8211; Parte 1\" style=\"background-image: url(https:\/\/maringapost.com.br\/arquitetura\/wp-content\/uploads\/sites\/38\/2021\/08\/arq-historia-6.jpg);\"\t\t\t\t\t\tclass=\"img-holder\" href=\"https:\/\/maringapost.com.br\/arquitetura\/2021\/08\/06\/uma-serie-sobre-arquitetura-e-a-nossa-historia\/\"><\/a>\n\n\t\t\t\t\t\t\t<\/div>\n\t\t<h2 class=\"title\">\t\t<a href=\"https:\/\/maringapost.com.br\/arquitetura\/2021\/08\/06\/uma-serie-sobre-arquitetura-e-a-nossa-historia\/\" class=\"post-title post-url\">\n\t\t\tArquitetura e Nossa Hist\u00f3ria &#8211; Parte 1\t\t<\/a>\n\t\t<\/h2>\t\t<div class=\"post-meta\">\n\n\t\t\t\t\t\t\t<span class=\"time\"><time class=\"post-published updated\"\n\t\t\t\t                         datetime=\"2021-08-06T14:43:50-03:00\"><\/time><\/span>\n\t\t\t\t\t\t<\/div>\n\t\t\t<\/div>\n\t<\/article >\n\t<article class=\"post-118 type-post format-standard has-post-thumbnail   listing-item listing-item-grid listing-item-grid-1 main-term-3\">\n\t<div class=\"item-inner\">\n\t\t\t\t\t<div class=\"featured clearfix\">\n\t\t\t\t<div class=\"term-badges floated\"><span class=\"term-badge term-3\"><a href=\"https:\/\/maringapost.com.br\/arquitetura\/category\/arquitetura\/\">Arquitetura<\/a><\/span><\/div>\t\t\t\t<a  title=\"Paisagismo e jardinagem, voc\u00ea sabe a diferen\u00e7a?\" style=\"background-image: url(https:\/\/maringapost.com.br\/arquitetura\/wp-content\/uploads\/sites\/38\/2021\/07\/Vista-aerea-do-jardim-modernista-de-Burle-Marx.jpg);\"\t\t\t\t\t\tclass=\"img-holder\" href=\"https:\/\/maringapost.com.br\/arquitetura\/2021\/07\/31\/paisagismo-e-jardinagem-voce-sabe-a-diferenca\/\"><\/a>\n\n\t\t\t\t\t\t\t<\/div>\n\t\t<h2 class=\"title\">\t\t<a href=\"https:\/\/maringapost.com.br\/arquitetura\/2021\/07\/31\/paisagismo-e-jardinagem-voce-sabe-a-diferenca\/\" class=\"post-title post-url\">\n\t\t\tPaisagismo e jardinagem, voc\u00ea sabe a diferen\u00e7a?\t\t<\/a>\n\t\t<\/h2>\t\t<div class=\"post-meta\">\n\n\t\t\t\t\t\t\t<span class=\"time\"><time class=\"post-published updated\"\n\t\t\t\t                         datetime=\"2021-07-31T07:48:51-03:00\"><\/time><\/span>\n\t\t\t\t\t\t<\/div>\n\t\t\t<\/div>\n\t<\/article >\n\t<article class=\"post-104 type-post format-standard has-post-thumbnail   listing-item listing-item-grid listing-item-grid-1 main-term-1\">\n\t<div class=\"item-inner\">\n\t\t\t\t\t<div class=\"featured clearfix\">\n\t\t\t\t<div class=\"term-badges floated\"><span class=\"term-badge term-1\"><a href=\"https:\/\/maringapost.com.br\/arquitetura\/category\/sem-categoria\/\">Sem categoria<\/a><\/span><\/div>\t\t\t\t<a  title=\"O espa\u00e7o urbano, a cidade e as pessoas\" style=\"background-image: url(https:\/\/maringapost.com.br\/arquitetura\/wp-content\/uploads\/sites\/38\/2021\/07\/inga-arq.jpg);\"\t\t\t\t\t\tclass=\"img-holder\" href=\"https:\/\/maringapost.com.br\/arquitetura\/2021\/07\/16\/o-espaco-urbano-a-cidade-e-as-pessoas\/\"><\/a>\n\n\t\t\t\t\t\t\t<\/div>\n\t\t<h2 class=\"title\">\t\t<a href=\"https:\/\/maringapost.com.br\/arquitetura\/2021\/07\/16\/o-espaco-urbano-a-cidade-e-as-pessoas\/\" class=\"post-title post-url\">\n\t\t\tO espa\u00e7o urbano, a cidade e as pessoas\t\t<\/a>\n\t\t<\/h2>\t\t<div class=\"post-meta\">\n\n\t\t\t\t\t\t\t<span class=\"time\"><time class=\"post-published updated\"\n\t\t\t\t                         datetime=\"2021-07-16T12:16:56-03:00\"><\/time><\/span>\n\t\t\t\t\t\t<\/div>\n\t\t\t<\/div>\n\t<\/article >\n\t<article class=\"post-92 type-post format-standard has-post-thumbnail   listing-item listing-item-grid listing-item-grid-1 main-term-3\">\n\t<div class=\"item-inner\">\n\t\t\t\t\t<div class=\"featured clearfix\">\n\t\t\t\t<div class=\"term-badges floated\"><span class=\"term-badge term-3\"><a href=\"https:\/\/maringapost.com.br\/arquitetura\/category\/arquitetura\/\">Arquitetura<\/a><\/span><\/div>\t\t\t\t<a  title=\"Mitos e fun\u00e7\u00f5es da atividade da Arquitetura\" style=\"background-image: url(https:\/\/maringapost.com.br\/arquitetura\/wp-content\/uploads\/sites\/38\/2021\/07\/filme.jpg);\"\t\t\t\t\t\tclass=\"img-holder\" href=\"https:\/\/maringapost.com.br\/arquitetura\/2021\/07\/13\/mitos-e-funcoes-da-atividade-da-arquitetura\/\"><\/a>\n\n\t\t\t\t\t\t\t<\/div>\n\t\t<h2 class=\"title\">\t\t<a href=\"https:\/\/maringapost.com.br\/arquitetura\/2021\/07\/13\/mitos-e-funcoes-da-atividade-da-arquitetura\/\" class=\"post-title post-url\">\n\t\t\tMitos e fun\u00e7\u00f5es da atividade da Arquitetura\t\t<\/a>\n\t\t<\/h2>\t\t<div class=\"post-meta\">\n\n\t\t\t\t\t\t\t<span class=\"time\"><time class=\"post-published updated\"\n\t\t\t\t                         datetime=\"2021-07-13T08:43:51-03:00\"><\/time><\/span>\n\t\t\t\t\t\t<\/div>\n\t\t\t<\/div>\n\t<\/article >\n\t<\/div>\n\t\n\t<\/div><\/div>[\/vc_column][\/vc_row]<\/p>\n<\/div>","protected":false},"excerpt":{"rendered":"<p>[vc_row][vc_column][vc_column_text css=&#8221;.vc_custom_1714503939455{margin-bottom: 10px !important;}&#8221;] Arquitetura [\/vc_column_text][vc_column_text]Por Adriana Lima[\/vc_column_text][\/vc_column][\/vc_row][vc_row][vc_column][\/vc_column][\/vc_row]<\/p>\n","protected":false},"author":521,"featured_media":0,"parent":0,"menu_order":0,"comment_status":"closed","ping_status":"closed","template":"","meta":{"_exactmetrics_skip_tracking":false,"_exactmetrics_sitenote_active":false,"_exactmetrics_sitenote_note":"","_exactmetrics_sitenote_category":0,"footnotes":""},"yoast_head":"<!-- This site is optimized with the Yoast SEO Premium plugin v22.7 (Yoast SEO v22.7) - https:\/\/yoast.com\/wordpress\/plugins\/seo\/ -->\n<title>Home - Arquitetura<\/title>\n<meta name=\"robots\" content=\"index, follow, max-snippet:-1, max-image-preview:large, max-video-preview:-1\" \/>\n<link rel=\"canonical\" href=\"https:\/\/maringapost.com.br\/arquitetura\/\" \/>\n<meta property=\"og:locale\" content=\"pt_BR\" \/>\n<meta property=\"og:type\" content=\"article\" \/>\n<meta property=\"og:title\" content=\"Home\" \/>\n<meta property=\"og:description\" content=\"[vc_row][vc_column][vc_column_text css=&#8221;.vc_custom_1714503939455{margin-bottom: 10px !important;}&#8221;] Arquitetura [\/vc_column_text][vc_column_text]Por Adriana Lima[\/vc_column_text][\/vc_column][\/vc_row][vc_row][vc_column][\/vc_column][\/vc_row]\" \/>\n<meta property=\"og:url\" content=\"https:\/\/maringapost.com.br\/arquitetura\/\" \/>\n<meta property=\"og:site_name\" content=\"Arquitetura\" \/>\n<meta property=\"article:modified_time\" content=\"2024-04-30T19:15:02+00:00\" \/>\n<meta name=\"twitter:card\" content=\"summary_large_image\" \/>\n<meta name=\"twitter:label1\" content=\"Est. tempo de leitura\" \/>\n\t<meta name=\"twitter:data1\" content=\"1 minuto\" \/>\n<script type=\"application\/ld+json\" class=\"yoast-schema-graph\">{\"@context\":\"https:\/\/schema.org\",\"@graph\":[{\"@type\":\"WebPage\",\"@id\":\"https:\/\/maringapost.com.br\/arquitetura\/\",\"url\":\"https:\/\/maringapost.com.br\/arquitetura\/\",\"name\":\"Home - Arquitetura\",\"isPartOf\":{\"@id\":\"https:\/\/maringapost.com.br\/arquitetura\/#website\"},\"datePublished\":\"2021-06-25T18:30:28+00:00\",\"dateModified\":\"2024-04-30T19:15:02+00:00\",\"breadcrumb\":{\"@id\":\"https:\/\/maringapost.com.br\/arquitetura\/#breadcrumb\"},\"inLanguage\":\"pt-BR\",\"potentialAction\":[{\"@type\":\"ReadAction\",\"target\":[\"https:\/\/maringapost.com.br\/arquitetura\/\"]}]},{\"@type\":\"BreadcrumbList\",\"@id\":\"https:\/\/maringapost.com.br\/arquitetura\/#breadcrumb\",\"itemListElement\":[{\"@type\":\"ListItem\",\"position\":1,\"name\":\"In\u00edcio\",\"item\":\"https:\/\/maringapost.com.br\/arquitetura\/\"},{\"@type\":\"ListItem\",\"position\":2,\"name\":\"Home\"}]},{\"@type\":\"WebSite\",\"@id\":\"https:\/\/maringapost.com.br\/arquitetura\/#website\",\"url\":\"https:\/\/maringapost.com.br\/arquitetura\/\",\"name\":\"Arquitetura\",\"description\":\"\",\"potentialAction\":[{\"@type\":\"SearchAction\",\"target\":{\"@type\":\"EntryPoint\",\"urlTemplate\":\"https:\/\/maringapost.com.br\/arquitetura\/?s={search_term_string}\"},\"query-input\":\"required name=search_term_string\"}],\"inLanguage\":\"pt-BR\"}]}<\/script>\n<!-- \/ Yoast SEO Premium plugin. -->","yoast_head_json":{"title":"Home - Arquitetura","robots":{"index":"index","follow":"follow","max-snippet":"max-snippet:-1","max-image-preview":"max-image-preview:large","max-video-preview":"max-video-preview:-1"},"canonical":"https:\/\/maringapost.com.br\/arquitetura\/","og_locale":"pt_BR","og_type":"article","og_title":"Home","og_description":"[vc_row][vc_column][vc_column_text css=&#8221;.vc_custom_1714503939455{margin-bottom: 10px !important;}&#8221;] Arquitetura [\/vc_column_text][vc_column_text]Por Adriana Lima[\/vc_column_text][\/vc_column][\/vc_row][vc_row][vc_column][\/vc_column][\/vc_row]","og_url":"https:\/\/maringapost.com.br\/arquitetura\/","og_site_name":"Arquitetura","article_modified_time":"2024-04-30T19:15:02+00:00","twitter_card":"summary_large_image","twitter_misc":{"Est. tempo de leitura":"1 minuto"},"schema":{"@context":"https:\/\/schema.org","@graph":[{"@type":"WebPage","@id":"https:\/\/maringapost.com.br\/arquitetura\/","url":"https:\/\/maringapost.com.br\/arquitetura\/","name":"Home - Arquitetura","isPartOf":{"@id":"https:\/\/maringapost.com.br\/arquitetura\/#website"},"datePublished":"2021-06-25T18:30:28+00:00","dateModified":"2024-04-30T19:15:02+00:00","breadcrumb":{"@id":"https:\/\/maringapost.com.br\/arquitetura\/#breadcrumb"},"inLanguage":"pt-BR","potentialAction":[{"@type":"ReadAction","target":["https:\/\/maringapost.com.br\/arquitetura\/"]}]},{"@type":"BreadcrumbList","@id":"https:\/\/maringapost.com.br\/arquitetura\/#breadcrumb","itemListElement":[{"@type":"ListItem","position":1,"name":"In\u00edcio","item":"https:\/\/maringapost.com.br\/arquitetura\/"},{"@type":"ListItem","position":2,"name":"Home"}]},{"@type":"WebSite","@id":"https:\/\/maringapost.com.br\/arquitetura\/#website","url":"https:\/\/maringapost.com.br\/arquitetura\/","name":"Arquitetura","description":"","potentialAction":[{"@type":"SearchAction","target":{"@type":"EntryPoint","urlTemplate":"https:\/\/maringapost.com.br\/arquitetura\/?s={search_term_string}"},"query-input":"required name=search_term_string"}],"inLanguage":"pt-BR"}]}},"_links":{"self":[{"href":"https:\/\/maringapost.com.br\/arquitetura\/wp-json\/wp\/v2\/pages\/32"}],"collection":[{"href":"https:\/\/maringapost.com.br\/arquitetura\/wp-json\/wp\/v2\/pages"}],"about":[{"href":"https:\/\/maringapost.com.br\/arquitetura\/wp-json\/wp\/v2\/types\/page"}],"author":[{"embeddable":true,"href":"https:\/\/maringapost.com.br\/arquitetura\/wp-json\/wp\/v2\/users\/521"}],"replies":[{"embeddable":true,"href":"https:\/\/maringapost.com.br\/arquitetura\/wp-json\/wp\/v2\/comments?post=32"}],"version-history":[{"count":2,"href":"https:\/\/maringapost.com.br\/arquitetura\/wp-json\/wp\/v2\/pages\/32\/revisions"}],"predecessor-version":[{"id":336,"href":"https:\/\/maringapost.com.br\/arquitetura\/wp-json\/wp\/v2\/pages\/32\/revisions\/336"}],"wp:attachment":[{"href":"https:\/\/maringapost.com.br\/arquitetura\/wp-json\/wp\/v2\/media?parent=32"}],"curies":[{"name":"wp","href":"https:\/\/api.w.org\/{rel}","templated":true}]}}